{"id":85,"date":"2021-11-01T16:46:56","date_gmt":"2021-11-01T16:46:56","guid":{"rendered":"https:\/\/foerderverein-burg-lindenfels.de\/?page_id=85"},"modified":"2021-11-01T16:46:57","modified_gmt":"2021-11-01T16:46:57","slug":"ueber-uns","status":"publish","type":"page","link":"https:\/\/foerderverein-burg-lindenfels.de\/?page_id=85","title":{"rendered":"\u00dcber Uns"},"content":{"rendered":"\n<h4 class=\"wp-block-heading\">Neue Ideen f\u00fcr die Zukunft<\/h4>\n\n\n\n<p>Hier bei F\u00f6rderverein Burg Lindenfels m\u00f6chten wir mit unserem Fachwissen und den uns zur Verf\u00fcgung stehenden Mitteln unsere Ziele erreichen. Seit 2000 setzen wir uns auf vielf\u00e4ltige Weise f\u00fcr das Gemeinwohl ein und messen unseren Erfolg nicht an wirtschaftlichen Ertr\u00e4gen. Die Inhalte unserer Projekte sind f\u00fcr uns viel bedeutender. Stellen Sie sich vor, was wir gemeinsam erreichen k\u00f6nnten!<\/p>\n","protected":false},"excerpt":{"rendered":"<p>Neue Ideen f\u00fcr die Zukunft Hier bei F\u00f6rderverein Burg Lindenfels m\u00f6chten wir mit unserem Fachwissen und den uns zur Verf\u00fcgung stehenden Mitteln unsere Ziele erreichen. Seit 2000 setzen wir uns auf vielf\u00e4ltige Weise f\u00fcr&#46;&#46;&#46;<\/p>\n","protected":false},"author":1,"featured_media":0,"parent":0,"menu_order":0,"comment_status":"closed","ping_status":"closed","template":"","meta":{"footnotes":""},"class_list":["post-85","page","type-page","status-publish","hentry"],"_links":{"self":[{"href":"https:\/\/foerderverein-burg-lindenfels.de\/index.php?rest_route=\/wp\/v2\/pages\/85","targetHints":{"allow":["GET"]}}],"collection":[{"href":"https:\/\/foerderverein-burg-lindenfels.de\/index.php?rest_route=\/wp\/v2\/pages"}],"about":[{"href":"https:\/\/foerderverein-burg-lindenfels.de\/index.php?rest_route=\/wp\/v2\/types\/page"}],"author":[{"embeddable":true,"href":"https:\/\/foerderverein-burg-lindenfels.de\/index.php?rest_route=\/wp\/v2\/users\/1"}],"replies":[{"embeddable":true,"href":"https:\/\/foerderverein-burg-lindenfels.de\/index.php?rest_route=%2Fwp%2Fv2%2Fcomments&post=85"}],"version-history":[{"count":1,"href":"https:\/\/foerderverein-burg-lindenfels.de\/index.php?rest_route=\/wp\/v2\/pages\/85\/revisions"}],"predecessor-version":[{"id":87,"href":"https:\/\/foerderverein-burg-lindenfels.de\/index.php?rest_route=\/wp\/v2\/pages\/85\/revisions\/87"}],"wp:attachment":[{"href":"https:\/\/foerderverein-burg-lindenfels.de\/index.php?rest_route=%2Fwp%2Fv2%2Fmedia&parent=85"}],"curies":[{"name":"wp","href":"https:\/\/api.w.org\/{rel}","templated":true}]}}