{"id":4,"date":"2021-11-01T14:34:11","date_gmt":"2021-11-01T14:34:11","guid":{"rendered":"https:\/\/foerderverein-burg-lindenfels.de\/?page_id=4"},"modified":"2023-11-01T16:12:37","modified_gmt":"2023-11-01T15:12:37","slug":"willkommen-auf-https-foerderverein-burg-lindenfels-de","status":"publish","type":"page","link":"https:\/\/foerderverein-burg-lindenfels.de\/","title":{"rendered":"Willkommen"},"content":{"rendered":"\n<p>Die Burg Lindenfels &#8211; ein wundersch\u00f6nes Touristenziel, Schaust\u00e4tte f\u00fcr das Open Air Kino, Burgfest, Mittelaltermarkt und vielem mehr. <br>Sogar das JA Wort kann man sich hier geben.&nbsp;<\/p>\n\n\n\n<figure class=\"wp-block-image aligncenter size-full is-resized\"><img loading=\"lazy\" decoding=\"async\" width=\"296\" height=\"526\" src=\"https:\/\/foerderverein-burg-lindenfels.de\/wp-content\/uploads\/2021\/11\/Fridolin-auf-Burg.jpg\" alt=\"\" class=\"wp-image-39\" style=\"width:251px;height:446px\" srcset=\"https:\/\/foerderverein-burg-lindenfels.de\/wp-content\/uploads\/2021\/11\/Fridolin-auf-Burg.jpg 296w, https:\/\/foerderverein-burg-lindenfels.de\/wp-content\/uploads\/2021\/11\/Fridolin-auf-Burg-169x300.jpg 169w\" sizes=\"auto, (max-width: 296px) 100vw, 296px\" \/><\/figure>\n\n\n\n<p>Damit dies alles auch so bleiben kann wurde der F\u00f6rderverein ins Leben gerufen&nbsp;.<\/p>\n\n\n\n<script data-js='tribe-events-view-nonce-data' type='application\/json'>{\"tvn1\":\"b2fd4469ac\",\"tvn2\":\"\"}<\/script>\n\n\n\n<p>\u200b<strong><mark style=\"background-color:#00d084\" class=\"has-inline-color has-black-color\">NEUES: <\/mark><\/strong><br>Im Moment gibt es keine Neuigkeiten. Wir w\u00fcnschen Euch einen sch\u00f6nen Tag!<br>  <\/p>\n\n\n\n<p>Auf den folgenden Seiten k\u00f6nnt ihr euch genauer informieren wer und was wir sind und was wir machen. Viel Spa\u00df<\/p>\n\n\n\n<figure class=\"wp-block-image size-large\"><img loading=\"lazy\" decoding=\"async\" width=\"1024\" height=\"407\" src=\"https:\/\/foerderverein-burg-lindenfels.de\/wp-content\/uploads\/2021\/11\/neustes-009-scaled-e1635779588400-1024x407.jpg\" alt=\"\" class=\"wp-image-48\" srcset=\"https:\/\/foerderverein-burg-lindenfels.de\/wp-content\/uploads\/2021\/11\/neustes-009-scaled-e1635779588400-1024x407.jpg 1024w, https:\/\/foerderverein-burg-lindenfels.de\/wp-content\/uploads\/2021\/11\/neustes-009-scaled-e1635779588400-300x119.jpg 300w, https:\/\/foerderverein-burg-lindenfels.de\/wp-content\/uploads\/2021\/11\/neustes-009-scaled-e1635779588400-768x305.jpg 768w, https:\/\/foerderverein-burg-lindenfels.de\/wp-content\/uploads\/2021\/11\/neustes-009-scaled-e1635779588400-1536x610.jpg 1536w, https:\/\/foerderverein-burg-lindenfels.de\/wp-content\/uploads\/2021\/11\/neustes-009-scaled-e1635779588400-2048x814.jpg 2048w\" sizes=\"auto, (max-width: 1024px) 100vw, 1024px\" \/><figcaption class=\"wp-element-caption\">Unsere Burg<\/figcaption><\/figure>\n","protected":false},"excerpt":{"rendered":"<p>Die Burg Lindenfels &#8211; ein wundersch\u00f6nes Touristenziel, Schaust\u00e4tte f\u00fcr das Open Air Kino, Burgfest, Mittelaltermarkt und vielem mehr. Sogar das JA Wort kann man sich hier geben.&nbsp; Damit dies alles auch so bleiben kann&#46;&#46;&#46;<\/p>\n","protected":false},"author":1,"featured_media":0,"parent":0,"menu_order":0,"comment_status":"closed","ping_status":"open","template":"","meta":{"footnotes":""},"class_list":["post-4","page","type-page","status-publish","hentry"],"_links":{"self":[{"href":"https:\/\/foerderverein-burg-lindenfels.de\/index.php?rest_route=\/wp\/v2\/pages\/4","targetHints":{"allow":["GET"]}}],"collection":[{"href":"https:\/\/foerderverein-burg-lindenfels.de\/index.php?rest_route=\/wp\/v2\/pages"}],"about":[{"href":"https:\/\/foerderverein-burg-lindenfels.de\/index.php?rest_route=\/wp\/v2\/types\/page"}],"author":[{"embeddable":true,"href":"https:\/\/foerderverein-burg-lindenfels.de\/index.php?rest_route=\/wp\/v2\/users\/1"}],"replies":[{"embeddable":true,"href":"https:\/\/foerderverein-burg-lindenfels.de\/index.php?rest_route=%2Fwp%2Fv2%2Fcomments&post=4"}],"version-history":[{"count":12,"href":"https:\/\/foerderverein-burg-lindenfels.de\/index.php?rest_route=\/wp\/v2\/pages\/4\/revisions"}],"predecessor-version":[{"id":322,"href":"https:\/\/foerderverein-burg-lindenfels.de\/index.php?rest_route=\/wp\/v2\/pages\/4\/revisions\/322"}],"wp:attachment":[{"href":"https:\/\/foerderverein-burg-lindenfels.de\/index.php?rest_route=%2Fwp%2Fv2%2Fmedia&parent=4"}],"curies":[{"name":"wp","href":"https:\/\/api.w.org\/{rel}","templated":true}]}}