{"id":219,"date":"2023-02-04T14:00:53","date_gmt":"2023-02-04T14:00:53","guid":{"rendered":"https:\/\/foerderverein-burg-lindenfels.de\/?page_id=219"},"modified":"2023-02-04T14:00:54","modified_gmt":"2023-02-04T14:00:54","slug":"weihnachtsaktion-2022","status":"publish","type":"page","link":"https:\/\/foerderverein-burg-lindenfels.de\/?page_id=219","title":{"rendered":"Weihnachtsaktion 2022"},"content":{"rendered":"\n<p class=\"has-medium-font-size\">Wie schon in den vorangegangenen Jahren, so hat unser Verein auch 2022 wieder P\u00e4ckchen f\u00fcr unsere \u00e4lteren Mitb\u00fcrger gepackt.<br>Immer abwechselnd bekommen die Bewohner und die Mitarbeiter der Parkh\u00f6he und der Lebensburg zu Weihnachten eine kleine Aufmerksamkeit.<br>In 2022 war die Lebensburg dran beschenkt zu werden.<br><br>Schnell haben sich Freiwillige gefunden, die sich am 15.12.2022 getroffen haben, um die P\u00e4ckchen zu packen und jedes mit einer Karte und Weihnachtsw\u00fcnschen vom Verein zu versehen.<br><br>Am 17.12.2022 wurden die P\u00e4ckchen dann \u00fcberreicht. Der Leiter der Lebensburg nahm die Weihnachtsp\u00e4ckchen pers\u00f6nlich in Empfang und bedankte sich herzlich im Namen der Bewohner und Mitarbeiter.<br><br>Ein Paar Bilder und Impressionen haben wir f\u00fcr euch hier eingestellt.<\/p>\n\n\n\n<figure class=\"wp-block-gallery has-nested-images columns-default is-cropped wp-block-gallery-1 is-layout-flex wp-block-gallery-is-layout-flex\">\n<figure class=\"wp-block-image size-large\"><img loading=\"lazy\" decoding=\"async\" width=\"460\" height=\"1024\" data-id=\"225\" src=\"https:\/\/foerderverein-burg-lindenfels.de\/wp-content\/uploads\/2023\/02\/IMG-20230204-WA0000-460x1024.jpg\" alt=\"\" class=\"wp-image-225\" srcset=\"https:\/\/foerderverein-burg-lindenfels.de\/wp-content\/uploads\/2023\/02\/IMG-20230204-WA0000-460x1024.jpg 460w, https:\/\/foerderverein-burg-lindenfels.de\/wp-content\/uploads\/2023\/02\/IMG-20230204-WA0000-135x300.jpg 135w, https:\/\/foerderverein-burg-lindenfels.de\/wp-content\/uploads\/2023\/02\/IMG-20230204-WA0000-690x1536.jpg 690w, https:\/\/foerderverein-burg-lindenfels.de\/wp-content\/uploads\/2023\/02\/IMG-20230204-WA0000.jpg 719w\" sizes=\"auto, (max-width: 460px) 100vw, 460px\" \/><\/figure>\n\n\n\n<figure class=\"wp-block-image size-large\"><img loading=\"lazy\" decoding=\"async\" width=\"461\" height=\"1024\" data-id=\"227\" src=\"https:\/\/foerderverein-burg-lindenfels.de\/wp-content\/uploads\/2023\/02\/IMG-20230204-WA0001-461x1024.jpg\" alt=\"\" class=\"wp-image-227\" srcset=\"https:\/\/foerderverein-burg-lindenfels.de\/wp-content\/uploads\/2023\/02\/IMG-20230204-WA0001-461x1024.jpg 461w, https:\/\/foerderverein-burg-lindenfels.de\/wp-content\/uploads\/2023\/02\/IMG-20230204-WA0001-135x300.jpg 135w, https:\/\/foerderverein-burg-lindenfels.de\/wp-content\/uploads\/2023\/02\/IMG-20230204-WA0001-691x1536.jpg 691w, https:\/\/foerderverein-burg-lindenfels.de\/wp-content\/uploads\/2023\/02\/IMG-20230204-WA0001.jpg 720w\" sizes=\"auto, (max-width: 461px) 100vw, 461px\" \/><\/figure>\n\n\n\n<figure class=\"wp-block-image size-large\"><img loading=\"lazy\" decoding=\"async\" width=\"768\" height=\"1024\" data-id=\"228\" src=\"https:\/\/foerderverein-burg-lindenfels.de\/wp-content\/uploads\/2023\/02\/IMG-20221217-WA0006-768x1024.jpg\" alt=\"\" class=\"wp-image-228\" srcset=\"https:\/\/foerderverein-burg-lindenfels.de\/wp-content\/uploads\/2023\/02\/IMG-20221217-WA0006-768x1024.jpg 768w, https:\/\/foerderverein-burg-lindenfels.de\/wp-content\/uploads\/2023\/02\/IMG-20221217-WA0006-225x300.jpg 225w, https:\/\/foerderverein-burg-lindenfels.de\/wp-content\/uploads\/2023\/02\/IMG-20221217-WA0006-1152x1536.jpg 1152w, https:\/\/foerderverein-burg-lindenfels.de\/wp-content\/uploads\/2023\/02\/IMG-20221217-WA0006.jpg 1200w\" sizes=\"auto, (max-width: 768px) 100vw, 768px\" \/><\/figure>\n\n\n\n<figure class=\"wp-block-image size-large\"><img loading=\"lazy\" decoding=\"async\" width=\"768\" height=\"1024\" data-id=\"224\" src=\"https:\/\/foerderverein-burg-lindenfels.de\/wp-content\/uploads\/2023\/02\/IMG-20221217-WA0011-768x1024.jpg\" alt=\"\" class=\"wp-image-224\" srcset=\"https:\/\/foerderverein-burg-lindenfels.de\/wp-content\/uploads\/2023\/02\/IMG-20221217-WA0011-768x1024.jpg 768w, https:\/\/foerderverein-burg-lindenfels.de\/wp-content\/uploads\/2023\/02\/IMG-20221217-WA0011-225x300.jpg 225w, https:\/\/foerderverein-burg-lindenfels.de\/wp-content\/uploads\/2023\/02\/IMG-20221217-WA0011-1152x1536.jpg 1152w, https:\/\/foerderverein-burg-lindenfels.de\/wp-content\/uploads\/2023\/02\/IMG-20221217-WA0011.jpg 1200w\" sizes=\"auto, (max-width: 768px) 100vw, 768px\" \/><\/figure>\n\n\n\n<figure class=\"wp-block-image size-large\"><img loading=\"lazy\" decoding=\"async\" width=\"768\" height=\"1024\" data-id=\"230\" src=\"https:\/\/foerderverein-burg-lindenfels.de\/wp-content\/uploads\/2023\/02\/IMG-20221217-WA0012-768x1024.jpg\" alt=\"\" class=\"wp-image-230\" srcset=\"https:\/\/foerderverein-burg-lindenfels.de\/wp-content\/uploads\/2023\/02\/IMG-20221217-WA0012-768x1024.jpg 768w, https:\/\/foerderverein-burg-lindenfels.de\/wp-content\/uploads\/2023\/02\/IMG-20221217-WA0012-225x300.jpg 225w, https:\/\/foerderverein-burg-lindenfels.de\/wp-content\/uploads\/2023\/02\/IMG-20221217-WA0012-1152x1536.jpg 1152w, https:\/\/foerderverein-burg-lindenfels.de\/wp-content\/uploads\/2023\/02\/IMG-20221217-WA0012.jpg 1200w\" sizes=\"auto, (max-width: 768px) 100vw, 768px\" \/><\/figure>\n\n\n\n<figure class=\"wp-block-image size-large\"><img loading=\"lazy\" decoding=\"async\" width=\"768\" height=\"1024\" data-id=\"222\" src=\"https:\/\/foerderverein-burg-lindenfels.de\/wp-content\/uploads\/2023\/02\/IMG-20221217-WA0009-768x1024.jpg\" alt=\"\" class=\"wp-image-222\" srcset=\"https:\/\/foerderverein-burg-lindenfels.de\/wp-content\/uploads\/2023\/02\/IMG-20221217-WA0009-768x1024.jpg 768w, https:\/\/foerderverein-burg-lindenfels.de\/wp-content\/uploads\/2023\/02\/IMG-20221217-WA0009-225x300.jpg 225w, https:\/\/foerderverein-burg-lindenfels.de\/wp-content\/uploads\/2023\/02\/IMG-20221217-WA0009-1152x1536.jpg 1152w, https:\/\/foerderverein-burg-lindenfels.de\/wp-content\/uploads\/2023\/02\/IMG-20221217-WA0009.jpg 1200w\" sizes=\"auto, (max-width: 768px) 100vw, 768px\" \/><\/figure>\n\n\n\n<figure class=\"wp-block-image size-large\"><img loading=\"lazy\" decoding=\"async\" width=\"768\" height=\"1024\" data-id=\"223\" src=\"https:\/\/foerderverein-burg-lindenfels.de\/wp-content\/uploads\/2023\/02\/IMG-20221217-WA0013-768x1024.jpg\" alt=\"\" class=\"wp-image-223\" srcset=\"https:\/\/foerderverein-burg-lindenfels.de\/wp-content\/uploads\/2023\/02\/IMG-20221217-WA0013-768x1024.jpg 768w, https:\/\/foerderverein-burg-lindenfels.de\/wp-content\/uploads\/2023\/02\/IMG-20221217-WA0013-225x300.jpg 225w, https:\/\/foerderverein-burg-lindenfels.de\/wp-content\/uploads\/2023\/02\/IMG-20221217-WA0013-1152x1536.jpg 1152w, https:\/\/foerderverein-burg-lindenfels.de\/wp-content\/uploads\/2023\/02\/IMG-20221217-WA0013.jpg 1200w\" sizes=\"auto, (max-width: 768px) 100vw, 768px\" \/><\/figure>\n\n\n\n<figure class=\"wp-block-image size-large\"><img loading=\"lazy\" decoding=\"async\" width=\"768\" height=\"1024\" data-id=\"233\" src=\"https:\/\/foerderverein-burg-lindenfels.de\/wp-content\/uploads\/2023\/02\/IMG-20221217-WA0007-768x1024.jpg\" alt=\"\" class=\"wp-image-233\" srcset=\"https:\/\/foerderverein-burg-lindenfels.de\/wp-content\/uploads\/2023\/02\/IMG-20221217-WA0007-768x1024.jpg 768w, https:\/\/foerderverein-burg-lindenfels.de\/wp-content\/uploads\/2023\/02\/IMG-20221217-WA0007-225x300.jpg 225w, https:\/\/foerderverein-burg-lindenfels.de\/wp-content\/uploads\/2023\/02\/IMG-20221217-WA0007-1152x1536.jpg 1152w, https:\/\/foerderverein-burg-lindenfels.de\/wp-content\/uploads\/2023\/02\/IMG-20221217-WA0007.jpg 1200w\" sizes=\"auto, (max-width: 768px) 100vw, 768px\" \/><\/figure>\n\n\n\n<figure class=\"wp-block-image size-large\"><img loading=\"lazy\" decoding=\"async\" width=\"768\" height=\"1024\" data-id=\"221\" src=\"https:\/\/foerderverein-burg-lindenfels.de\/wp-content\/uploads\/2023\/02\/IMG-20221217-WA0003-768x1024.jpg\" alt=\"\" class=\"wp-image-221\" srcset=\"https:\/\/foerderverein-burg-lindenfels.de\/wp-content\/uploads\/2023\/02\/IMG-20221217-WA0003-768x1024.jpg 768w, https:\/\/foerderverein-burg-lindenfels.de\/wp-content\/uploads\/2023\/02\/IMG-20221217-WA0003-225x300.jpg 225w, https:\/\/foerderverein-burg-lindenfels.de\/wp-content\/uploads\/2023\/02\/IMG-20221217-WA0003-1152x1536.jpg 1152w, https:\/\/foerderverein-burg-lindenfels.de\/wp-content\/uploads\/2023\/02\/IMG-20221217-WA0003.jpg 1200w\" sizes=\"auto, (max-width: 768px) 100vw, 768px\" \/><\/figure>\n\n\n\n<figure class=\"wp-block-image size-large\"><img loading=\"lazy\" decoding=\"async\" width=\"768\" height=\"1024\" data-id=\"232\" src=\"https:\/\/foerderverein-burg-lindenfels.de\/wp-content\/uploads\/2023\/02\/IMG-20221217-WA0002-768x1024.jpg\" alt=\"\" class=\"wp-image-232\" srcset=\"https:\/\/foerderverein-burg-lindenfels.de\/wp-content\/uploads\/2023\/02\/IMG-20221217-WA0002-768x1024.jpg 768w, https:\/\/foerderverein-burg-lindenfels.de\/wp-content\/uploads\/2023\/02\/IMG-20221217-WA0002-225x300.jpg 225w, https:\/\/foerderverein-burg-lindenfels.de\/wp-content\/uploads\/2023\/02\/IMG-20221217-WA0002-1152x1536.jpg 1152w, https:\/\/foerderverein-burg-lindenfels.de\/wp-content\/uploads\/2023\/02\/IMG-20221217-WA0002.jpg 1200w\" sizes=\"auto, (max-width: 768px) 100vw, 768px\" \/><\/figure>\n\n\n\n<figure class=\"wp-block-image size-large\"><img loading=\"lazy\" decoding=\"async\" width=\"768\" height=\"1024\" data-id=\"226\" src=\"https:\/\/foerderverein-burg-lindenfels.de\/wp-content\/uploads\/2023\/02\/IMG-20221217-WA0004-768x1024.jpg\" alt=\"\" class=\"wp-image-226\" srcset=\"https:\/\/foerderverein-burg-lindenfels.de\/wp-content\/uploads\/2023\/02\/IMG-20221217-WA0004-768x1024.jpg 768w, https:\/\/foerderverein-burg-lindenfels.de\/wp-content\/uploads\/2023\/02\/IMG-20221217-WA0004-225x300.jpg 225w, https:\/\/foerderverein-burg-lindenfels.de\/wp-content\/uploads\/2023\/02\/IMG-20221217-WA0004-1152x1536.jpg 1152w, https:\/\/foerderverein-burg-lindenfels.de\/wp-content\/uploads\/2023\/02\/IMG-20221217-WA0004.jpg 1500w\" sizes=\"auto, (max-width: 768px) 100vw, 768px\" \/><\/figure>\n<\/figure>\n","protected":false},"excerpt":{"rendered":"<p>Wie schon in den vorangegangenen Jahren, so hat unser Verein auch 2022 wieder P\u00e4ckchen f\u00fcr unsere \u00e4lteren Mitb\u00fcrger gepackt.Immer abwechselnd bekommen die Bewohner und die Mitarbeiter der Parkh\u00f6he und der Lebensburg zu Weihnachten eine&#46;&#46;&#46;<\/p>\n","protected":false},"author":3,"featured_media":0,"parent":0,"menu_order":0,"comment_status":"closed","ping_status":"closed","template":"","meta":{"footnotes":""},"class_list":["post-219","page","type-page","status-publish","hentry"],"_links":{"self":[{"href":"https:\/\/foerderverein-burg-lindenfels.de\/index.php?rest_route=\/wp\/v2\/pages\/219","targetHints":{"allow":["GET"]}}],"collection":[{"href":"https:\/\/foerderverein-burg-lindenfels.de\/index.php?rest_route=\/wp\/v2\/pages"}],"about":[{"href":"https:\/\/foerderverein-burg-lindenfels.de\/index.php?rest_route=\/wp\/v2\/types\/page"}],"author":[{"embeddable":true,"href":"https:\/\/foerderverein-burg-lindenfels.de\/index.php?rest_route=\/wp\/v2\/users\/3"}],"replies":[{"embeddable":true,"href":"https:\/\/foerderverein-burg-lindenfels.de\/index.php?rest_route=%2Fwp%2Fv2%2Fcomments&post=219"}],"version-history":[{"count":3,"href":"https:\/\/foerderverein-burg-lindenfels.de\/index.php?rest_route=\/wp\/v2\/pages\/219\/revisions"}],"predecessor-version":[{"id":236,"href":"https:\/\/foerderverein-burg-lindenfels.de\/index.php?rest_route=\/wp\/v2\/pages\/219\/revisions\/236"}],"wp:attachment":[{"href":"https:\/\/foerderverein-burg-lindenfels.de\/index.php?rest_route=%2Fwp%2Fv2%2Fmedia&parent=219"}],"curies":[{"name":"wp","href":"https:\/\/api.w.org\/{rel}","templated":true}]}}