{"id":165,"date":"2022-09-19T09:07:48","date_gmt":"2022-09-19T09:07:48","guid":{"rendered":"https:\/\/foerderverein-burg-lindenfels.de\/?page_id=165"},"modified":"2022-09-21T08:42:11","modified_gmt":"2022-09-21T08:42:11","slug":"vereinssatzung","status":"publish","type":"page","link":"https:\/\/foerderverein-burg-lindenfels.de\/?page_id=165","title":{"rendered":"Vereinssatzung"},"content":{"rendered":"\n<p>Unsere Vereinsatzung (Stand 13. September 2022) <br><br>Fassung vom 25. August 2008<\/p>\n\n\n\n<p class=\"has-text-align-center has-large-font-size\">F\u00f6rderverein Burg Lindenfels<\/p>\n\n\n\n<p class=\"has-text-align-center\"><strong>\u00a7 1<\/strong><\/p>\n\n\n\n<p class=\"has-text-align-center\"><strong>Name, Sitz und Gesch\u00e4ftsjahr<\/strong><\/p>\n\n\n\n<div class=\"wp-block-group\"><div class=\"wp-block-group__inner-container is-layout-flow wp-block-group-is-layout-flow\">\n<ol class=\"wp-block-list\"><li>Der Verein f\u00fchrt den Nahmen \u201eF\u00f6rderverein Burg Lindenfels\u201c. Er soll in das Vereinsregister des Amtsgerichts Darmstadt eingetragen werden.   <kbd>  <\/kbd>Er tr\u00e4gt dann den Namen \u201eF\u00f6rderverein Burg Lindenfels e.V.\u201c<br><\/li><li>Der Sitz des Vereins ist Lindenfels, Landkreis Bergstra\u00dfe.<br><\/li><li>Das Gesch\u00e4ftsjahr ist das Kalenderjahr.<\/li><\/ol>\n<\/div><\/div>\n\n\n\n<p class=\"has-text-align-center\"><strong>\u00a7 2<\/strong><\/p>\n\n\n\n<p class=\"has-text-align-center\"><strong>Vereinszweck<\/strong><\/p>\n\n\n\n<div class=\"wp-block-group\"><div class=\"wp-block-group__inner-container is-layout-flow wp-block-group-is-layout-flow\">\n<ol class=\"wp-block-list\"><li>Der Zweck des Vereins ist die Unterst\u00fctzung bei der Sicherung und Sanierung der Burgruine Lindenfels, der Verbesserung des Zugangs, Freihaltung des Burgbergs von sichtbeeintr\u00e4chtigten B\u00e4umen, Gegenst\u00e4nden und Str\u00e4uchern, die Gestaltung der Freianlagen und Schaffung von Ruhe- und Erholungspl\u00e4tzen in und um die Burg, sowie die Wiederherstellung der ehemaligen Rundwege um die Burg. Bei der Erhaltung historisch wertvoller Bausubstanz im Gemeindegebiet soll beratend mitgewirkt werden.<br><\/li><li>Ziel des Vereins ist auch die F\u00f6rderung von Zukunftsinvestitionen bei gleichzeitiger Wahrung der geschichtlichen und kulturellen Tradition.<br><\/li><li>Der Verein wird diese Ziele durch aktive Vertretung dieser Interessen gegen\u00fcber Institutionen aller Art und Unternehmen verfolgen. Er wird Veranstaltungen zur Nutzung der Burgruine unterst\u00fctzen. Er will durch Sicherung eines hohen kulturellen Standards bei von ihm gef\u00f6rderten Theaterauff\u00fchrungen, Konzerten, Ausstellungen, Vortr\u00e4gen, Diskussionsrunden und geselligen Zusammenk\u00fcnften das Interesse f\u00fcr die Region steigern und wach halten.<br><\/li><li>Dieser Satzungszweck wird insbesondere verwirklicht durch Eigenleistung, Beschaffung von Mitteln aller Art, sei es durch Spenden, Zusch\u00fcsse, Beitr\u00e4ge oder Durchf\u00fchrung von Veranstaltungen, die geeignet sind, dem gef\u00f6rderten Zweck zu dienen.<br><\/li><li>Der Verein ist selbstlos t\u00e4tig, er verfolgt nicht in erster Linie eigenwirtschaftliche Zwecke. Mittel des Vereins d\u00fcrfen nur f\u00fcr satzungsgem\u00e4\u00dfe Zwecke verwendet werden. Die Mitglieder des Vereins erhalten in ihrer Eigenschaft als Mitglieder keine Zuwendungen aus Mitteln des Vereins.<br><\/li><li>Der Verein ist politisch und konfessionell neutral.<br><\/li><li>Die Aus\u00fcbung von \u00c4mtern nach den Satzungsvorhaben erfolgt ehrenamtlich.<\/li><\/ol>\n<\/div><\/div>\n\n\n\n<p class=\"has-text-align-center\"><strong>\u00a7 3<\/strong><\/p>\n\n\n\n<p class=\"has-text-align-center\"><strong>Gemeinn\u00fctzigkeit<\/strong><\/p>\n\n\n\n<ol class=\"wp-block-list\"><li>Der Verein \u201eF\u00f6rderverein Burg Lindenfels e.V.\u201c mit Sitz in 64678 Lindenfels verfolgt ausschlie\u00dflich und unmittelbar gemeinn\u00fctzige Zwecke im Sinne des Abschnitts \u201eSteuerbeg\u00fcnstigte Zwecke\u201c der Abgabenordnung.<\/li><\/ol>\n\n\n\n<p class=\"has-text-align-center\"><strong>\u00a7 4<\/strong><\/p>\n\n\n\n<p class=\"has-text-align-center\"><strong>Mitglieder<\/strong><\/p>\n\n\n\n<ol class=\"wp-block-list\"><li>Mitglied kann jede nat\u00fcrliche und juristische Person werden, die sich zu den gemeinn\u00fctzigen Aufgaben des Vereins bekennt.<br><\/li><li>\u00dcber den schriftlich zu stellenden Aufnahmeantrag entscheidet der Vorstand. Die Ablehnung eines Aufnahmeantrags bedarf keiner Begr\u00fcndung. Ein Aufnahmeanspruch besteht nicht.<br><\/li><li>F\u00fcr Minderj\u00e4hrige muss die schriftliche Erkl\u00e4rung der\/des gesetzlichen Vertreter(s) vorgelegt werden.<br><\/li><li>Die Mitgliedschaft im F\u00f6rderverein erlischt durch K\u00fcndigung, Tod, Ausschluss oder Aufl\u00f6sung des Vereins.<br><\/li><li>Die K\u00fcndigung ist dem Vorstand schriftlich zu erkl\u00e4ren, sie ist nur zum Schluss eines&nbsp;Kalenderjahres unter Einhaltung einer K\u00fcndigungsfrist von drei Monaten zul\u00e4ssig.<br><\/li><li>Ein Ausschluss des Mitglieds aus dem Verein kann aus wichtigen Gr\u00fcnden durch den Vorstand erfolgen. Als wichtiger Grund gilt insbesondere vereinssch\u00e4digendes&nbsp;Verhalten innerhalb und au\u00dferhalb des Vereins. Vor dem Ausschluss ist das&nbsp;Mitglied zu h\u00f6ren. Die Entscheidung ist schriftlich zu begr\u00fcnden. Innerhalb eines Monats ab Zugang kann das Mitglied Berufung beim Vorstand einlegen. \u00dcber die Berufung entscheidet die Mitgliederversammlung.<br><\/li><li>Ein Mitglied scheidet au\u00dferdem mit Streichung der Mitgliedschaft aus dem Verein aus. Die Streichung der Mitgliedschaft erfolgt, wenn das Mitglied mit einem Jahresbeitrag im R\u00fcckstand ist und diesen Betrag, auch nach schriftlicher Mahnung durch den Vorstand nicht innerhalb von drei Monaten, von der Absendung der Mahnung an, voll entrichtet. In der Mahnung muss auf die bevorstehende Streichung der Mitgliedschaft hingewiesen sein. Die Mahnung ist auch wirksam, wenn die Sendung als unzustellbar zur\u00fcckkommt. Die Streichung der Mitgliedschaft erfolgt durch den Beschluss des Vorstands, der dem betroffenen Mitglied nicht&nbsp;bekannt gemacht wird. <br><\/li><li>Die Ehrenmitgliedschaft kann durch die Mitgliederversammlung an solche Personen verliehen werden, die sich um die F\u00f6rderung der Vereinsziele besondere Verdienste erworben haben.<\/li><\/ol>\n\n\n\n<p class=\"has-text-align-center\"><strong>\u00a7 5<\/strong><\/p>\n\n\n\n<p class=\"has-text-align-center\"><strong>Rechte und Pflichten der Mitglieder<\/strong><\/p>\n\n\n\n<ol class=\"wp-block-list\"><li>Die Mitglieder nach \u00a7 4 sind in der Mitgliederversammlung stimmberechtigt.<br><\/li><li>S\u00e4mtliche Mitglieder sollen den Verein zur Erf\u00fcllung seiner Aufgaben unterst\u00fctzen und durch Vorschl\u00e4ge und Anregungen f\u00f6rdern.<br><\/li><li>Die Mitglieder sind zur rechtzeitigen Entrichtung der Mitgliedsbeitr\u00e4ge verpflichtet.<br><\/li><li>Ehrenmitglieder sind von der Entrichtung des Beitrags befreit.<br><\/li><li>Die Mitgliederbeitr\u00e4ge sind mindestens in Jahresbeitr\u00e4gen zu leisten. Die Festsetzung der Mitgliedsbeitr\u00e4ge erfolgt in der Mitgliederversammlung.<\/li><\/ol>\n\n\n\n<p class=\"has-text-align-center\"><strong>\u00a7 6<\/strong><\/p>\n\n\n\n<p class=\"has-text-align-center\"><strong>Organe<\/strong><\/p>\n\n\n\n<ol class=\"wp-block-list\"><li>Die Organe des Vereins sind: der Vorstand und die Mitgliederversammlung.<\/li><\/ol>\n\n\n\n<p class=\"has-text-align-center\"><strong>\u00a7 7<\/strong><\/p>\n\n\n\n<p class=\"has-text-align-center\"><strong>Mitgliederversammlung<\/strong><\/p>\n\n\n\n<ol class=\"wp-block-list\"><li>Die ordentliche Mitgliederversammlung ist mindestens einmal j\u00e4hrlich vom 1. Vorsitzenden unter Einhaltung einer Einladungsfrist von 10 Tagen durch pers\u00f6nliche Einladung mittels Brief einzuberufen. Dabei ist die vom Vorstand festgesetzte Tagesordnung mitzuteilen. Die Tagesordnung ist zu erg\u00e4nzen, wenn dieses ein Mitglied bis sp\u00e4testens eine Woche vor dem angesetzten Termin schriftlich mit Grund beantragt. Die Erg\u00e4nzung ist zu Beginn der Versammlung bekannt zu machen.<br><\/li><li>Die ordnungsgem\u00e4\u00df einzuberufene Mitgliederversammlung ist ohne R\u00fccksicht auf die Zahl der Erschienenen beschlussf\u00e4hig.<br><\/li><li>In der Mitgliederversammlung hat jedes vollj\u00e4hrige Mitglied eine Stimme. Die \u00dcbertragung des Stimmrechts auf andere Mitglieder ist nicht zul\u00e4ssig. Bei Abstimmung entscheidet die einfache Stimmenmehrheit der Erschienenen. Bei Stimmengleichheit entscheidet die Stimme des\/der Vorsitzenden.<br><\/li><li>Die Mitgliederversammlung hat folgende Aufgaben:<br>      a) Entgegennahme des Gesch\u00e4fts- und Rechnungsberichts,<br>      b) Entlastung des Vorstands,<br>      c) Wahl und Abberufung des Vorstands<br>      d) Beschlussfassung \u00fcber Satzungs\u00e4nderung und Vereinsaufl\u00f6sung<br>      e) Festsetzung des Mitgliedsbeitrages<br>      f) weitere Aufgaben, die sich aus dieser Satzung oder nach Gesetz ergeben.<br><\/li><li>Eine au\u00dferordentliche Mitgliederversammlung ist einzuberufen, wenn mindestens \u00bc der Mitglieder dies schriftlich mit Angabe der Verhandlungsgegenst\u00e4nde beantragt, oder wenn das Vereinsinteresse eine Mitgliederversammlung erfordert.<br><\/li><li>Satzungs\u00e4nderungen bed\u00fcrfen einer \u00be Mehrheit der anwesenden Mitglieder. Hierbei kommt es auf die abgegebenen g\u00fcltigen Stimmen an.<br><\/li><li>\u00dcber die Mitgliederversammlung ist eine Niederschrift zu fertigen, die vom Versammlungsleiter und vom Schriftf\u00fchrer zu unterzeichnen ist.<\/li><\/ol>\n\n\n\n<p class=\"has-text-align-center\"><strong>\u00a7 8<\/strong><\/p>\n\n\n\n<p class=\"has-text-align-center\"><strong>Vorstand<\/strong><\/p>\n\n\n\n<ol class=\"wp-block-list\"><li>Der Vorstand besteht aus dem: <br>    1. Vorsitzenden<br>    2. Vorsitzenden<br>    Schriftf\u00fchrer<br>    Schatzmeister<br>    bis zu acht Beisitzern<br><\/li><li>Der erste Vorsitzende und der zweite Vorsitzende vertreten den Verein gerichtlich und au\u00dfergerichtlich. Jeder hat Alleinvertretungsbefugnis. Im Innenverh\u00e4ltnis darf der zweite Vorsitzende den ersten Vorsitzenden nur bei dessen&nbsp; Verhinderung vertreten.<br><\/li><li>Der Vorstand wird durch die Mitgliederversammlung per Abstimmung gew\u00e4hlt. Wird von mehr als der H\u00e4lfte der anwesenden Mitglieder geheime Wahl gefordert, so ist der Vorstand in geheimer Wahl zu w\u00e4hlen.<br><\/li><li>Der Vorstand wird jeweils f\u00fcr zwei Jahre gew\u00e4hlt. Er bleibt bis zur Neuwahl im Amt. Falls sich die Bestellung eines neuen Vorstandes verz\u00f6gert, f\u00fchrt der bisherige Vorstand seine Gesch\u00e4fte bis zu Neubestellung fort.<br><\/li><li>Der Vorstand entscheidet mit einfacher Mehrheit bei der Beschlussfassung Anwesender Vorstandsmitglieder. Bei Stimmengleichheit entscheidet die Stimme des Vorsitzenden, bzw. verhandlungsf\u00fchrenden Vorstandsmitglieds.<br><\/li><li>Der Vorstand leitet den Verein unter Ber\u00fccksichtigung der Beschl\u00fcsse der Mitgliederversammlung.<\/li><\/ol>\n\n\n\n<p class=\"has-text-align-center\"><strong>\u00a7 9<\/strong><\/p>\n\n\n\n<p class=\"has-text-align-center\"><strong>Aussch\u00fcsse<\/strong><\/p>\n\n\n\n<ol class=\"wp-block-list\"><li>Der Vorstand kann f\u00fcr bestimmte Aufgabengebiete des Vereins Aussch\u00fcsse einsetzen, die nach seinen Weisungen die Ihnen \u00fcbertragenen Aufgaben zu erf\u00fcllen haben. Die Aussch\u00fcsse k\u00f6nnen jederzeit vom Vorstand wieder abberufen werden.<\/li><\/ol>\n\n\n\n<p class=\"has-text-align-center\"><strong>\u00a7 10<\/strong><\/p>\n\n\n\n<p class=\"has-text-align-center\"><strong>Kassenpr\u00fcfer<\/strong><\/p>\n\n\n\n<ol class=\"wp-block-list\"><li>Die Mitgliederversammlung w\u00e4hlt jeweils f\u00fcr 2 Jahre zwei Kassenpr\u00fcfer, die die Kassengesch\u00e4fte des Vereins auf rechnerische Richtigkeit \u00fcberpr\u00fcfen. Die Pr\u00fcfung erstreckt sich nicht auf Zweckm\u00e4\u00dfigkeit der Ausgaben.<br><\/li><li>Kassenpr\u00fcfer d\u00fcrfen keine Vorstandsmitglieder sein.<br><\/li><li>Eine \u00dcberpr\u00fcfung hat mindestens einmal im Jahr zu erfolgen, \u00fcber das Ergebnis ist in der Jahreshauptversammlung zu berichten.<\/li><\/ol>\n\n\n\n<p class=\"has-text-align-center\"><strong>\u00a7 11<\/strong><\/p>\n\n\n\n<p class=\"has-text-align-center\"><strong>Aufl\u00f6sung des Vereins und Anfall des Vereinsverm\u00f6gens<\/strong><\/p>\n\n\n\n<ol class=\"wp-block-list\"><li>Die Aufl\u00f6sung des Vereins kann nur in einer ausschlie\u00dflich zu diesem Zweck einberufenen Mitgliederversammlung erfolgen. Der Aufl\u00f6sungsbeschluss bedarf der Zustimmung von drei Viertel der abgegebenen Stimmen.<br><\/li><li>Bei der Aufl\u00f6sung oder Aufhebung des Vereins oder bei Wegfall seines bisherigen Zwecks f\u00e4llt das Verm\u00f6gen des Vereins der Stadt Lindenfels zu, die es unmittelbar und ausschlie\u00dflich f\u00fcr gemeinn\u00fctzige Zwecke zu verwenden hat und zwar ausschlie\u00dflich zur Erhaltung und Pflege der Burg und Burganlagen.<\/li><\/ol>\n\n\n\n<p class=\"has-text-align-center\"><strong>\u00a7 12<\/strong><\/p>\n\n\n\n<p class=\"has-text-align-center\"><strong>Liquidatoren<\/strong><\/p>\n\n\n\n<ol class=\"wp-block-list\"><li>Als Liquidatoren werden die im Amt befindlichen vertretungsberechtigten Vorstandsmitglieder bestimmt, soweit die Mitgliederversammlung nichts Abweichendes beschlie\u00dft.<br><\/li><li>Vorstehender Satzungsinhalt wurde in der Gr\u00fcndungsversammlung am 25.1.2008 in Lindenfels von den Gr\u00fcndungsmitgliedern beschlossen<\/li><\/ol>\n\n\n\n<p>Lindenfels, den 25. Januar 2008<\/p>\n\n\n\n<p><br><br><br><\/p>\n","protected":false},"excerpt":{"rendered":"<p>Unsere Vereinsatzung (Stand 13. September 2022) Fassung vom 25. August 2008 F\u00f6rderverein Burg Lindenfels \u00a7 1 Name, Sitz und Gesch\u00e4ftsjahr Der Verein f\u00fchrt den Nahmen \u201eF\u00f6rderverein Burg Lindenfels\u201c. Er soll in das Vereinsregister des&#46;&#46;&#46;<\/p>\n","protected":false},"author":3,"featured_media":0,"parent":0,"menu_order":0,"comment_status":"closed","ping_status":"closed","template":"","meta":{"footnotes":""},"class_list":["post-165","page","type-page","status-publish","hentry"],"_links":{"self":[{"href":"https:\/\/foerderverein-burg-lindenfels.de\/index.php?rest_route=\/wp\/v2\/pages\/165","targetHints":{"allow":["GET"]}}],"collection":[{"href":"https:\/\/foerderverein-burg-lindenfels.de\/index.php?rest_route=\/wp\/v2\/pages"}],"about":[{"href":"https:\/\/foerderverein-burg-lindenfels.de\/index.php?rest_route=\/wp\/v2\/types\/page"}],"author":[{"embeddable":true,"href":"https:\/\/foerderverein-burg-lindenfels.de\/index.php?rest_route=\/wp\/v2\/users\/3"}],"replies":[{"embeddable":true,"href":"https:\/\/foerderverein-burg-lindenfels.de\/index.php?rest_route=%2Fwp%2Fv2%2Fcomments&post=165"}],"version-history":[{"count":14,"href":"https:\/\/foerderverein-burg-lindenfels.de\/index.php?rest_route=\/wp\/v2\/pages\/165\/revisions"}],"predecessor-version":[{"id":189,"href":"https:\/\/foerderverein-burg-lindenfels.de\/index.php?rest_route=\/wp\/v2\/pages\/165\/revisions\/189"}],"wp:attachment":[{"href":"https:\/\/foerderverein-burg-lindenfels.de\/index.php?rest_route=%2Fwp%2Fv2%2Fmedia&parent=165"}],"curies":[{"name":"wp","href":"https:\/\/api.w.org\/{rel}","templated":true}]}}