{"id":117,"date":"2022-09-01T09:10:13","date_gmt":"2022-09-01T09:10:13","guid":{"rendered":"https:\/\/foerderverein-burg-lindenfels.de\/?page_id=117"},"modified":"2023-02-04T13:24:17","modified_gmt":"2023-02-04T13:24:17","slug":"burgfest-2022","status":"publish","type":"page","link":"https:\/\/foerderverein-burg-lindenfels.de\/?page_id=117","title":{"rendered":"Burgfest 2022"},"content":{"rendered":"\n<p class=\"has-medium-font-size\">Endlich war es wieder soweit<br><br>BURGFEST 2022 in Lindenfels<br><br>Nach den Pausen in 2020 und 2021 fand dieses Jahr wieder das traditionelle Burg- und Trachtenfest in unserer Stadt Lindenfels statt.<\/p>\n\n\n\n<p class=\"has-medium-font-size\"><br>Auch wie in den letzten Jahren waren Mitglieder unseres Vereins bei dem Bau und der Gestaltung des Umzugswagens mit dem Titel \u201eApfelweinherstellung\u201c dabei.<\/p>\n\n\n\n<p class=\"has-medium-font-size\">Zu diesem Zweck trafen sich die Freiwilligen am 06.08.22 \u2013 dem Burgfest Samstag \u2013 morgens um 10:00 Uhr auf dem Bauhof in Lindenfels.<\/p>\n\n\n\n<p class=\"has-medium-font-size\">Gleich zu Beginn gab es eine freudige \u00dcberraschung: Der Anh\u00e4nger war \u00fcberholt worden und hatte nun einen neuen Boden, so wie einen neue Front- und Heckleiste und einen tollen neuen Kutschbock.<\/p>\n\n\n<div class=\"wp-block-image\">\n<figure class=\"aligncenter size-medium is-resized\"><img loading=\"lazy\" decoding=\"async\" src=\"https:\/\/foerderverein-burg-lindenfels.de\/wp-content\/uploads\/2022\/08\/20220806_100005-300x225.jpg\" alt=\"\" class=\"wp-image-120\" width=\"365\" height=\"274\" srcset=\"https:\/\/foerderverein-burg-lindenfels.de\/wp-content\/uploads\/2022\/08\/20220806_100005-300x225.jpg 300w, https:\/\/foerderverein-burg-lindenfels.de\/wp-content\/uploads\/2022\/08\/20220806_100005-1024x768.jpg 1024w, https:\/\/foerderverein-burg-lindenfels.de\/wp-content\/uploads\/2022\/08\/20220806_100005-768x576.jpg 768w, https:\/\/foerderverein-burg-lindenfels.de\/wp-content\/uploads\/2022\/08\/20220806_100005-1536x1152.jpg 1536w, https:\/\/foerderverein-burg-lindenfels.de\/wp-content\/uploads\/2022\/08\/20220806_100005-2048x1536.jpg 2048w\" sizes=\"auto, (max-width: 365px) 100vw, 365px\" \/><figcaption class=\"wp-element-caption\">Der renovierte Wagen<\/figcaption><\/figure>\n<\/div>\n\n\n<p class=\"has-medium-font-size\">Bevor es richtig mit dem Bau losgehen konnte mussten erst die alte Kelter und die alte M\u00fchle auf den Wagen. Das geht nur mit vereinten Kr\u00e4ften und Hilfe von dem kleinen Bulldog von Klaus Mohr, da sowohl Kelter, als auch M\u00fchle einiges wiegen.<\/p>\n\n\n<div class=\"wp-block-image\">\n<figure class=\"aligncenter size-large is-resized\"><img loading=\"lazy\" decoding=\"async\" src=\"https:\/\/foerderverein-burg-lindenfels.de\/wp-content\/uploads\/2022\/09\/20220806_102119-1024x768.jpg\" alt=\"\" class=\"wp-image-142\" width=\"378\" height=\"284\" srcset=\"https:\/\/foerderverein-burg-lindenfels.de\/wp-content\/uploads\/2022\/09\/20220806_102119-1024x768.jpg 1024w, https:\/\/foerderverein-burg-lindenfels.de\/wp-content\/uploads\/2022\/09\/20220806_102119-300x225.jpg 300w, https:\/\/foerderverein-burg-lindenfels.de\/wp-content\/uploads\/2022\/09\/20220806_102119-768x576.jpg 768w, https:\/\/foerderverein-burg-lindenfels.de\/wp-content\/uploads\/2022\/09\/20220806_102119-1536x1152.jpg 1536w, https:\/\/foerderverein-burg-lindenfels.de\/wp-content\/uploads\/2022\/09\/20220806_102119-2048x1536.jpg 2048w\" sizes=\"auto, (max-width: 378px) 100vw, 378px\" \/><figcaption class=\"wp-element-caption\">Die Kelter ist auf dem Wagen<\/figcaption><\/figure>\n<\/div>\n\n\n<p class=\"has-medium-font-size\">Als das geschafft war konnte es dann an das eigentliche Bauen gehen.<\/p>\n\n\n\n<p class=\"has-medium-font-size\">Das hei\u00dft, es wurde ein Gel\u00e4nder zugeschnitten, angepasst und am Wagen angebracht, ebenso Konterlatten f\u00fcr die Anbringung der Tannenzweige.<\/p>\n\n\n\n<figure class=\"wp-block-gallery has-nested-images columns-default is-cropped wp-block-gallery-1 is-layout-flex wp-block-gallery-is-layout-flex\">\n<figure class=\"wp-block-image size-large\"><img loading=\"lazy\" decoding=\"async\" width=\"1024\" height=\"768\" data-id=\"149\" src=\"https:\/\/foerderverein-burg-lindenfels.de\/wp-content\/uploads\/2022\/09\/20220806_101022-2-1024x768.jpg\" alt=\"\" class=\"wp-image-149\" srcset=\"https:\/\/foerderverein-burg-lindenfels.de\/wp-content\/uploads\/2022\/09\/20220806_101022-2-1024x768.jpg 1024w, https:\/\/foerderverein-burg-lindenfels.de\/wp-content\/uploads\/2022\/09\/20220806_101022-2-300x225.jpg 300w, https:\/\/foerderverein-burg-lindenfels.de\/wp-content\/uploads\/2022\/09\/20220806_101022-2-768x576.jpg 768w, https:\/\/foerderverein-burg-lindenfels.de\/wp-content\/uploads\/2022\/09\/20220806_101022-2-1536x1152.jpg 1536w, https:\/\/foerderverein-burg-lindenfels.de\/wp-content\/uploads\/2022\/09\/20220806_101022-2-2048x1536.jpg 2048w\" sizes=\"auto, (max-width: 1024px) 100vw, 1024px\" \/><\/figure>\n\n\n\n<figure class=\"wp-block-image size-large\"><img loading=\"lazy\" decoding=\"async\" width=\"768\" height=\"1024\" data-id=\"148\" src=\"https:\/\/foerderverein-burg-lindenfels.de\/wp-content\/uploads\/2022\/09\/20220806_102359-1-768x1024.jpg\" alt=\"\" class=\"wp-image-148\" srcset=\"https:\/\/foerderverein-burg-lindenfels.de\/wp-content\/uploads\/2022\/09\/20220806_102359-1-768x1024.jpg 768w, https:\/\/foerderverein-burg-lindenfels.de\/wp-content\/uploads\/2022\/09\/20220806_102359-1-225x300.jpg 225w, https:\/\/foerderverein-burg-lindenfels.de\/wp-content\/uploads\/2022\/09\/20220806_102359-1-1152x1536.jpg 1152w, https:\/\/foerderverein-burg-lindenfels.de\/wp-content\/uploads\/2022\/09\/20220806_102359-1-1536x2048.jpg 1536w, https:\/\/foerderverein-burg-lindenfels.de\/wp-content\/uploads\/2022\/09\/20220806_102359-1-scaled.jpg 1920w\" sizes=\"auto, (max-width: 768px) 100vw, 768px\" \/><\/figure>\n\n\n\n<figure class=\"wp-block-image size-large\"><img loading=\"lazy\" decoding=\"async\" width=\"768\" height=\"1024\" data-id=\"151\" src=\"https:\/\/foerderverein-burg-lindenfels.de\/wp-content\/uploads\/2022\/09\/20220806_110828-768x1024.jpg\" alt=\"\" class=\"wp-image-151\" srcset=\"https:\/\/foerderverein-burg-lindenfels.de\/wp-content\/uploads\/2022\/09\/20220806_110828-768x1024.jpg 768w, https:\/\/foerderverein-burg-lindenfels.de\/wp-content\/uploads\/2022\/09\/20220806_110828-225x300.jpg 225w, https:\/\/foerderverein-burg-lindenfels.de\/wp-content\/uploads\/2022\/09\/20220806_110828-1152x1536.jpg 1152w, https:\/\/foerderverein-burg-lindenfels.de\/wp-content\/uploads\/2022\/09\/20220806_110828-1536x2048.jpg 1536w, https:\/\/foerderverein-burg-lindenfels.de\/wp-content\/uploads\/2022\/09\/20220806_110828-scaled.jpg 1920w\" sizes=\"auto, (max-width: 768px) 100vw, 768px\" \/><\/figure>\n\n\n\n<figure class=\"wp-block-image size-large\"><img loading=\"lazy\" decoding=\"async\" width=\"1024\" height=\"768\" data-id=\"150\" src=\"https:\/\/foerderverein-burg-lindenfels.de\/wp-content\/uploads\/2022\/09\/20220806_110923-2-1024x768.jpg\" alt=\"\" class=\"wp-image-150\" srcset=\"https:\/\/foerderverein-burg-lindenfels.de\/wp-content\/uploads\/2022\/09\/20220806_110923-2-1024x768.jpg 1024w, https:\/\/foerderverein-burg-lindenfels.de\/wp-content\/uploads\/2022\/09\/20220806_110923-2-300x225.jpg 300w, https:\/\/foerderverein-burg-lindenfels.de\/wp-content\/uploads\/2022\/09\/20220806_110923-2-768x576.jpg 768w, https:\/\/foerderverein-burg-lindenfels.de\/wp-content\/uploads\/2022\/09\/20220806_110923-2-1536x1152.jpg 1536w, https:\/\/foerderverein-burg-lindenfels.de\/wp-content\/uploads\/2022\/09\/20220806_110923-2-2048x1536.jpg 2048w\" sizes=\"auto, (max-width: 1024px) 100vw, 1024px\" \/><\/figure>\n<\/figure>\n\n\n\n<p class=\"has-medium-font-size\">So vorbereitet ging es nun daran den Wagen rundherum mit Tannenzweigen zu verkleiden.<br>Das Gel\u00e4nder wurde mit Kreppband in den Lindenfelser Farben gr\u00fcn und wei\u00df umwickelt Zu guter Letzt wurden noch die Schilder mit dem Namen des Wagens angebracht.<\/p>\n\n\n\n<figure class=\"wp-block-gallery has-nested-images columns-default is-cropped wp-block-gallery-2 is-layout-flex wp-block-gallery-is-layout-flex\">\n<figure class=\"wp-block-image size-large\"><img loading=\"lazy\" decoding=\"async\" width=\"768\" height=\"1024\" data-id=\"154\" src=\"https:\/\/foerderverein-burg-lindenfels.de\/wp-content\/uploads\/2022\/09\/20220806_110759-768x1024.jpg\" alt=\"\" class=\"wp-image-154\" srcset=\"https:\/\/foerderverein-burg-lindenfels.de\/wp-content\/uploads\/2022\/09\/20220806_110759-768x1024.jpg 768w, https:\/\/foerderverein-burg-lindenfels.de\/wp-content\/uploads\/2022\/09\/20220806_110759-225x300.jpg 225w, https:\/\/foerderverein-burg-lindenfels.de\/wp-content\/uploads\/2022\/09\/20220806_110759-1152x1536.jpg 1152w, https:\/\/foerderverein-burg-lindenfels.de\/wp-content\/uploads\/2022\/09\/20220806_110759-1536x2048.jpg 1536w, https:\/\/foerderverein-burg-lindenfels.de\/wp-content\/uploads\/2022\/09\/20220806_110759-scaled.jpg 1920w\" sizes=\"auto, (max-width: 768px) 100vw, 768px\" \/><\/figure>\n\n\n\n<figure class=\"wp-block-image size-large\"><img loading=\"lazy\" decoding=\"async\" width=\"768\" height=\"1024\" data-id=\"158\" src=\"https:\/\/foerderverein-burg-lindenfels.de\/wp-content\/uploads\/2022\/09\/20220806_113317-768x1024.jpg\" alt=\"\" class=\"wp-image-158\" srcset=\"https:\/\/foerderverein-burg-lindenfels.de\/wp-content\/uploads\/2022\/09\/20220806_113317-768x1024.jpg 768w, https:\/\/foerderverein-burg-lindenfels.de\/wp-content\/uploads\/2022\/09\/20220806_113317-225x300.jpg 225w, https:\/\/foerderverein-burg-lindenfels.de\/wp-content\/uploads\/2022\/09\/20220806_113317-1152x1536.jpg 1152w, https:\/\/foerderverein-burg-lindenfels.de\/wp-content\/uploads\/2022\/09\/20220806_113317-1536x2048.jpg 1536w, https:\/\/foerderverein-burg-lindenfels.de\/wp-content\/uploads\/2022\/09\/20220806_113317-scaled.jpg 1920w\" sizes=\"auto, (max-width: 768px) 100vw, 768px\" \/><\/figure>\n\n\n\n<figure class=\"wp-block-image size-large\"><img loading=\"lazy\" decoding=\"async\" width=\"768\" height=\"1024\" data-id=\"153\" src=\"https:\/\/foerderverein-burg-lindenfels.de\/wp-content\/uploads\/2022\/09\/IMG-20220806-WA0032-1-768x1024.jpg\" alt=\"\" class=\"wp-image-153\" srcset=\"https:\/\/foerderverein-burg-lindenfels.de\/wp-content\/uploads\/2022\/09\/IMG-20220806-WA0032-1-768x1024.jpg 768w, https:\/\/foerderverein-burg-lindenfels.de\/wp-content\/uploads\/2022\/09\/IMG-20220806-WA0032-1-225x300.jpg 225w, https:\/\/foerderverein-burg-lindenfels.de\/wp-content\/uploads\/2022\/09\/IMG-20220806-WA0032-1-1152x1536.jpg 1152w, https:\/\/foerderverein-burg-lindenfels.de\/wp-content\/uploads\/2022\/09\/IMG-20220806-WA0032-1.jpg 1512w\" sizes=\"auto, (max-width: 768px) 100vw, 768px\" \/><\/figure>\n<\/figure>\n\n\n\n<figure class=\"wp-block-gallery has-nested-images columns-default is-cropped wp-block-gallery-3 is-layout-flex wp-block-gallery-is-layout-flex\">\n<figure class=\"wp-block-image size-large\"><img loading=\"lazy\" decoding=\"async\" width=\"1024\" height=\"768\" data-id=\"157\" src=\"https:\/\/foerderverein-burg-lindenfels.de\/wp-content\/uploads\/2022\/09\/20220806_113030-1024x768.jpg\" alt=\"\" class=\"wp-image-157\" srcset=\"https:\/\/foerderverein-burg-lindenfels.de\/wp-content\/uploads\/2022\/09\/20220806_113030-1024x768.jpg 1024w, https:\/\/foerderverein-burg-lindenfels.de\/wp-content\/uploads\/2022\/09\/20220806_113030-300x225.jpg 300w, https:\/\/foerderverein-burg-lindenfels.de\/wp-content\/uploads\/2022\/09\/20220806_113030-768x576.jpg 768w, https:\/\/foerderverein-burg-lindenfels.de\/wp-content\/uploads\/2022\/09\/20220806_113030-1536x1152.jpg 1536w, https:\/\/foerderverein-burg-lindenfels.de\/wp-content\/uploads\/2022\/09\/20220806_113030-2048x1536.jpg 2048w\" sizes=\"auto, (max-width: 1024px) 100vw, 1024px\" \/><\/figure>\n\n\n\n<figure class=\"wp-block-image size-large\"><img loading=\"lazy\" decoding=\"async\" width=\"1024\" height=\"768\" data-id=\"156\" src=\"https:\/\/foerderverein-burg-lindenfels.de\/wp-content\/uploads\/2022\/09\/20220806_113050-1024x768.jpg\" alt=\"\" class=\"wp-image-156\" srcset=\"https:\/\/foerderverein-burg-lindenfels.de\/wp-content\/uploads\/2022\/09\/20220806_113050-1024x768.jpg 1024w, https:\/\/foerderverein-burg-lindenfels.de\/wp-content\/uploads\/2022\/09\/20220806_113050-300x225.jpg 300w, https:\/\/foerderverein-burg-lindenfels.de\/wp-content\/uploads\/2022\/09\/20220806_113050-768x576.jpg 768w, https:\/\/foerderverein-burg-lindenfels.de\/wp-content\/uploads\/2022\/09\/20220806_113050-1536x1152.jpg 1536w, https:\/\/foerderverein-burg-lindenfels.de\/wp-content\/uploads\/2022\/09\/20220806_113050-2048x1536.jpg 2048w\" sizes=\"auto, (max-width: 1024px) 100vw, 1024px\" \/><\/figure>\n\n\n\n<figure class=\"wp-block-image size-large\"><img loading=\"lazy\" decoding=\"async\" width=\"1024\" height=\"768\" data-id=\"155\" src=\"https:\/\/foerderverein-burg-lindenfels.de\/wp-content\/uploads\/2022\/09\/20220806_114307-1024x768.jpg\" alt=\"\" class=\"wp-image-155\" srcset=\"https:\/\/foerderverein-burg-lindenfels.de\/wp-content\/uploads\/2022\/09\/20220806_114307-1024x768.jpg 1024w, https:\/\/foerderverein-burg-lindenfels.de\/wp-content\/uploads\/2022\/09\/20220806_114307-300x225.jpg 300w, https:\/\/foerderverein-burg-lindenfels.de\/wp-content\/uploads\/2022\/09\/20220806_114307-768x576.jpg 768w, https:\/\/foerderverein-burg-lindenfels.de\/wp-content\/uploads\/2022\/09\/20220806_114307-1536x1152.jpg 1536w, https:\/\/foerderverein-burg-lindenfels.de\/wp-content\/uploads\/2022\/09\/20220806_114307-2048x1536.jpg 2048w\" sizes=\"auto, (max-width: 1024px) 100vw, 1024px\" \/><\/figure>\n<figcaption class=\"blocks-gallery-caption wp-element-caption\">Bau des Umzugswagens auf dem Bauhof<\/figcaption><\/figure>\n\n\n\n<p class=\"has-medium-font-size\">Da es diesmal ausreichend Helfer waren, war diese Arbeit schnell getan und hat wie jedes Mal einen riesigen Spa\u00df gemacht<br><\/p>\n\n\n\n<p class=\"has-medium-font-size\">Am Sonntagvormittag um 10:30 Uhr wurde sich noch mal getroffen, um den Blumenschmuck anzubringen und den Wagen endg\u00fcltig bereit f\u00fcr den Festzug zu machen.<\/p>\n\n\n\n<figure class=\"wp-block-gallery has-nested-images columns-default is-cropped wp-block-gallery-4 is-layout-flex wp-block-gallery-is-layout-flex\">\n<figure class=\"wp-block-image size-large\"><img loading=\"lazy\" decoding=\"async\" width=\"768\" height=\"1024\" data-id=\"159\" src=\"https:\/\/foerderverein-burg-lindenfels.de\/wp-content\/uploads\/2022\/09\/IMG-20220807-WA0010-768x1024.jpg\" alt=\"\" class=\"wp-image-159\" srcset=\"https:\/\/foerderverein-burg-lindenfels.de\/wp-content\/uploads\/2022\/09\/IMG-20220807-WA0010-768x1024.jpg 768w, https:\/\/foerderverein-burg-lindenfels.de\/wp-content\/uploads\/2022\/09\/IMG-20220807-WA0010-225x300.jpg 225w, https:\/\/foerderverein-burg-lindenfels.de\/wp-content\/uploads\/2022\/09\/IMG-20220807-WA0010-1152x1536.jpg 1152w, https:\/\/foerderverein-burg-lindenfels.de\/wp-content\/uploads\/2022\/09\/IMG-20220807-WA0010.jpg 1200w\" sizes=\"auto, (max-width: 768px) 100vw, 768px\" \/><\/figure>\n\n\n\n<figure class=\"wp-block-image size-large\"><img loading=\"lazy\" decoding=\"async\" width=\"1024\" height=\"768\" data-id=\"160\" src=\"https:\/\/foerderverein-burg-lindenfels.de\/wp-content\/uploads\/2022\/09\/IMG-20220807-WA0011-1024x768.jpg\" alt=\"\" class=\"wp-image-160\" srcset=\"https:\/\/foerderverein-burg-lindenfels.de\/wp-content\/uploads\/2022\/09\/IMG-20220807-WA0011-1024x768.jpg 1024w, https:\/\/foerderverein-burg-lindenfels.de\/wp-content\/uploads\/2022\/09\/IMG-20220807-WA0011-300x225.jpg 300w, https:\/\/foerderverein-burg-lindenfels.de\/wp-content\/uploads\/2022\/09\/IMG-20220807-WA0011-768x576.jpg 768w, https:\/\/foerderverein-burg-lindenfels.de\/wp-content\/uploads\/2022\/09\/IMG-20220807-WA0011-1536x1152.jpg 1536w, https:\/\/foerderverein-burg-lindenfels.de\/wp-content\/uploads\/2022\/09\/IMG-20220807-WA0011.jpg 1600w\" sizes=\"auto, (max-width: 1024px) 100vw, 1024px\" \/><\/figure>\n\n\n\n<figure class=\"wp-block-image size-large\"><img loading=\"lazy\" decoding=\"async\" width=\"768\" height=\"1024\" data-id=\"161\" src=\"https:\/\/foerderverein-burg-lindenfels.de\/wp-content\/uploads\/2022\/09\/IMG-20220807-WA0012-768x1024.jpg\" alt=\"\" class=\"wp-image-161\" srcset=\"https:\/\/foerderverein-burg-lindenfels.de\/wp-content\/uploads\/2022\/09\/IMG-20220807-WA0012-768x1024.jpg 768w, https:\/\/foerderverein-burg-lindenfels.de\/wp-content\/uploads\/2022\/09\/IMG-20220807-WA0012-225x300.jpg 225w, https:\/\/foerderverein-burg-lindenfels.de\/wp-content\/uploads\/2022\/09\/IMG-20220807-WA0012-1152x1536.jpg 1152w, https:\/\/foerderverein-burg-lindenfels.de\/wp-content\/uploads\/2022\/09\/IMG-20220807-WA0012.jpg 1200w\" sizes=\"auto, (max-width: 768px) 100vw, 768px\" \/><\/figure>\n<\/figure>\n\n\n\n<figure class=\"wp-block-image size-large\"><img loading=\"lazy\" decoding=\"async\" width=\"1024\" height=\"768\" src=\"https:\/\/foerderverein-burg-lindenfels.de\/wp-content\/uploads\/2022\/09\/IMG-20220807-WA0011-1-1024x768.jpg\" alt=\"\" class=\"wp-image-162\" srcset=\"https:\/\/foerderverein-burg-lindenfels.de\/wp-content\/uploads\/2022\/09\/IMG-20220807-WA0011-1-1024x768.jpg 1024w, https:\/\/foerderverein-burg-lindenfels.de\/wp-content\/uploads\/2022\/09\/IMG-20220807-WA0011-1-300x225.jpg 300w, https:\/\/foerderverein-burg-lindenfels.de\/wp-content\/uploads\/2022\/09\/IMG-20220807-WA0011-1-768x576.jpg 768w, https:\/\/foerderverein-burg-lindenfels.de\/wp-content\/uploads\/2022\/09\/IMG-20220807-WA0011-1-1536x1152.jpg 1536w, https:\/\/foerderverein-burg-lindenfels.de\/wp-content\/uploads\/2022\/09\/IMG-20220807-WA0011-1.jpg 1600w\" sizes=\"auto, (max-width: 1024px) 100vw, 1024px\" \/><\/figure>\n\n\n\n<p class=\"has-medium-font-size\">Vor dem Umzugsbeginn gab es noch ein schnelles Fotoshooting.<\/p>\n\n\n\n<figure class=\"wp-block-image size-large\"><img loading=\"lazy\" decoding=\"async\" width=\"1024\" height=\"768\" src=\"https:\/\/foerderverein-burg-lindenfels.de\/wp-content\/uploads\/2023\/02\/IMG-20220808-WA0000-1024x768.jpg\" alt=\"\" class=\"wp-image-212\" srcset=\"https:\/\/foerderverein-burg-lindenfels.de\/wp-content\/uploads\/2023\/02\/IMG-20220808-WA0000-1024x768.jpg 1024w, https:\/\/foerderverein-burg-lindenfels.de\/wp-content\/uploads\/2023\/02\/IMG-20220808-WA0000-300x225.jpg 300w, https:\/\/foerderverein-burg-lindenfels.de\/wp-content\/uploads\/2023\/02\/IMG-20220808-WA0000-768x576.jpg 768w, https:\/\/foerderverein-burg-lindenfels.de\/wp-content\/uploads\/2023\/02\/IMG-20220808-WA0000-1536x1152.jpg 1536w, https:\/\/foerderverein-burg-lindenfels.de\/wp-content\/uploads\/2023\/02\/IMG-20220808-WA0000.jpg 1600w\" sizes=\"auto, (max-width: 1024px) 100vw, 1024px\" \/><\/figure>\n\n\n\n<p class=\"has-medium-font-size\">Dieses Jahr standen dann nat\u00fcrlich auch wieder 3 Mitglieder von unserem Verein auf dem Wagen. Allerdings schenken wir schon seit einigen Jahren keinen Apfelsaft mehr aus, obwohl es von den Zuschauern gut angenommen wurde. Allerdings war dies f\u00fcr die Aussch\u00e4nkenden immer ein Problem mit den Wespen und auch die Tracht wurde \u00f6fters in Mitleidenschaft gezogen.<\/p>\n\n\n\n<figure class=\"wp-block-gallery has-nested-images columns-2 is-cropped wp-block-gallery-5 is-layout-flex wp-block-gallery-is-layout-flex\">\n<figure class=\"wp-block-image size-large\"><img loading=\"lazy\" decoding=\"async\" width=\"1024\" height=\"1024\" data-id=\"206\" src=\"https:\/\/foerderverein-burg-lindenfels.de\/wp-content\/uploads\/2023\/02\/IMG-20220808-WA0007-1024x1024.jpg\" alt=\"\" class=\"wp-image-206\" srcset=\"https:\/\/foerderverein-burg-lindenfels.de\/wp-content\/uploads\/2023\/02\/IMG-20220808-WA0007-1024x1024.jpg 1024w, https:\/\/foerderverein-burg-lindenfels.de\/wp-content\/uploads\/2023\/02\/IMG-20220808-WA0007-300x300.jpg 300w, https:\/\/foerderverein-burg-lindenfels.de\/wp-content\/uploads\/2023\/02\/IMG-20220808-WA0007-150x150.jpg 150w, https:\/\/foerderverein-burg-lindenfels.de\/wp-content\/uploads\/2023\/02\/IMG-20220808-WA0007-768x768.jpg 768w, https:\/\/foerderverein-burg-lindenfels.de\/wp-content\/uploads\/2023\/02\/IMG-20220808-WA0007-80x80.jpg 80w, https:\/\/foerderverein-burg-lindenfels.de\/wp-content\/uploads\/2023\/02\/IMG-20220808-WA0007-320x320.jpg 320w, https:\/\/foerderverein-burg-lindenfels.de\/wp-content\/uploads\/2023\/02\/IMG-20220808-WA0007.jpg 1440w\" sizes=\"auto, (max-width: 1024px) 100vw, 1024px\" \/><\/figure>\n\n\n\n<figure class=\"wp-block-image size-large\"><img loading=\"lazy\" decoding=\"async\" width=\"768\" height=\"1024\" data-id=\"207\" src=\"https:\/\/foerderverein-burg-lindenfels.de\/wp-content\/uploads\/2023\/02\/IMG-20220808-WA0008-1-768x1024.jpg\" alt=\"\" class=\"wp-image-207\" srcset=\"https:\/\/foerderverein-burg-lindenfels.de\/wp-content\/uploads\/2023\/02\/IMG-20220808-WA0008-1-768x1024.jpg 768w, https:\/\/foerderverein-burg-lindenfels.de\/wp-content\/uploads\/2023\/02\/IMG-20220808-WA0008-1-225x300.jpg 225w, https:\/\/foerderverein-burg-lindenfels.de\/wp-content\/uploads\/2023\/02\/IMG-20220808-WA0008-1-1152x1536.jpg 1152w, https:\/\/foerderverein-burg-lindenfels.de\/wp-content\/uploads\/2023\/02\/IMG-20220808-WA0008-1.jpg 1200w\" sizes=\"auto, (max-width: 768px) 100vw, 768px\" \/><\/figure>\n<figcaption class=\"blocks-gallery-caption wp-element-caption\">Umzugsimpressionen<\/figcaption><\/figure>\n\n\n\n<p class=\"has-medium-font-size\">Klaus war mit der Ziege &#8220;Susi&#8221; unterwegs. Unterst\u00fctzt wurde er von Alberto der die andere Burgziege &#8220;Liesje&#8221; durch den Burgfestumzug f\u00fchrte.<\/p>\n\n\n\n<figure class=\"wp-block-image size-large\"><img loading=\"lazy\" decoding=\"async\" width=\"1024\" height=\"683\" src=\"https:\/\/foerderverein-burg-lindenfels.de\/wp-content\/uploads\/2023\/02\/IMG-20220807-WA0017-1024x683.jpg\" alt=\"\" class=\"wp-image-203\" srcset=\"https:\/\/foerderverein-burg-lindenfels.de\/wp-content\/uploads\/2023\/02\/IMG-20220807-WA0017-1024x683.jpg 1024w, https:\/\/foerderverein-burg-lindenfels.de\/wp-content\/uploads\/2023\/02\/IMG-20220807-WA0017-300x200.jpg 300w, https:\/\/foerderverein-burg-lindenfels.de\/wp-content\/uploads\/2023\/02\/IMG-20220807-WA0017-768x512.jpg 768w, https:\/\/foerderverein-burg-lindenfels.de\/wp-content\/uploads\/2023\/02\/IMG-20220807-WA0017-1536x1024.jpg 1536w, https:\/\/foerderverein-burg-lindenfels.de\/wp-content\/uploads\/2023\/02\/IMG-20220807-WA0017.jpg 2048w\" sizes=\"auto, (max-width: 1024px) 100vw, 1024px\" \/><\/figure>\n\n\n\n<p style=\"font-size:18px\">Auf dem Umzug waren dann nicht nur Mitglieder auf dem Wagen, sondern nat\u00fcrlich auch bei den Hochzeitsg\u00e4sten im Fu\u00dfvolk, diesmal waren sogar unsere Allerkleinsten das erste Mal mit dabei.<\/p>\n\n\n\n<figure class=\"wp-block-gallery has-nested-images columns-2 wp-block-gallery-6 is-layout-flex wp-block-gallery-is-layout-flex\">\n<figure class=\"wp-block-image size-large\"><img loading=\"lazy\" decoding=\"async\" width=\"1024\" height=\"683\" data-id=\"210\" src=\"https:\/\/foerderverein-burg-lindenfels.de\/wp-content\/uploads\/2023\/02\/IMG-20220807-WA0019-1024x683.jpg\" alt=\"\" class=\"wp-image-210\" srcset=\"https:\/\/foerderverein-burg-lindenfels.de\/wp-content\/uploads\/2023\/02\/IMG-20220807-WA0019-1024x683.jpg 1024w, https:\/\/foerderverein-burg-lindenfels.de\/wp-content\/uploads\/2023\/02\/IMG-20220807-WA0019-300x200.jpg 300w, https:\/\/foerderverein-burg-lindenfels.de\/wp-content\/uploads\/2023\/02\/IMG-20220807-WA0019-768x512.jpg 768w, https:\/\/foerderverein-burg-lindenfels.de\/wp-content\/uploads\/2023\/02\/IMG-20220807-WA0019-1536x1024.jpg 1536w, https:\/\/foerderverein-burg-lindenfels.de\/wp-content\/uploads\/2023\/02\/IMG-20220807-WA0019.jpg 2048w\" sizes=\"auto, (max-width: 1024px) 100vw, 1024px\" \/><\/figure>\n\n\n\n<figure class=\"wp-block-image size-large\"><img loading=\"lazy\" decoding=\"async\" width=\"1024\" height=\"683\" data-id=\"209\" src=\"https:\/\/foerderverein-burg-lindenfels.de\/wp-content\/uploads\/2023\/02\/IMG-20220807-WA0018-1024x683.jpg\" alt=\"\" class=\"wp-image-209\" srcset=\"https:\/\/foerderverein-burg-lindenfels.de\/wp-content\/uploads\/2023\/02\/IMG-20220807-WA0018-1024x683.jpg 1024w, https:\/\/foerderverein-burg-lindenfels.de\/wp-content\/uploads\/2023\/02\/IMG-20220807-WA0018-300x200.jpg 300w, https:\/\/foerderverein-burg-lindenfels.de\/wp-content\/uploads\/2023\/02\/IMG-20220807-WA0018-768x512.jpg 768w, https:\/\/foerderverein-burg-lindenfels.de\/wp-content\/uploads\/2023\/02\/IMG-20220807-WA0018-1536x1024.jpg 1536w, https:\/\/foerderverein-burg-lindenfels.de\/wp-content\/uploads\/2023\/02\/IMG-20220807-WA0018.jpg 2048w\" sizes=\"auto, (max-width: 1024px) 100vw, 1024px\" \/><\/figure>\n\n\n\n<figure class=\"wp-block-image size-large\"><img loading=\"lazy\" decoding=\"async\" width=\"683\" height=\"1024\" data-id=\"204\" src=\"https:\/\/foerderverein-burg-lindenfels.de\/wp-content\/uploads\/2023\/02\/IMG-20220807-WA0020-683x1024.jpg\" alt=\"\" class=\"wp-image-204\" srcset=\"https:\/\/foerderverein-burg-lindenfels.de\/wp-content\/uploads\/2023\/02\/IMG-20220807-WA0020-683x1024.jpg 683w, https:\/\/foerderverein-burg-lindenfels.de\/wp-content\/uploads\/2023\/02\/IMG-20220807-WA0020-200x300.jpg 200w, https:\/\/foerderverein-burg-lindenfels.de\/wp-content\/uploads\/2023\/02\/IMG-20220807-WA0020-768x1152.jpg 768w, https:\/\/foerderverein-burg-lindenfels.de\/wp-content\/uploads\/2023\/02\/IMG-20220807-WA0020-1024x1536.jpg 1024w, https:\/\/foerderverein-burg-lindenfels.de\/wp-content\/uploads\/2023\/02\/IMG-20220807-WA0020.jpg 1365w\" sizes=\"auto, (max-width: 683px) 100vw, 683px\" \/><\/figure>\n<figcaption class=\"blocks-gallery-caption wp-element-caption\">Unsere j\u00fcngsten Mitglieder in der Lindenfelser Tracht<\/figcaption><\/figure>\n","protected":false},"excerpt":{"rendered":"<p>Endlich war es wieder soweit BURGFEST 2022 in Lindenfels Nach den Pausen in 2020 und 2021 fand dieses Jahr wieder das traditionelle Burg- und Trachtenfest in unserer Stadt Lindenfels statt. Auch wie in den&#46;&#46;&#46;<\/p>\n","protected":false},"author":3,"featured_media":0,"parent":0,"menu_order":0,"comment_status":"closed","ping_status":"closed","template":"","meta":{"footnotes":""},"class_list":["post-117","page","type-page","status-publish","hentry"],"_links":{"self":[{"href":"https:\/\/foerderverein-burg-lindenfels.de\/index.php?rest_route=\/wp\/v2\/pages\/117","targetHints":{"allow":["GET"]}}],"collection":[{"href":"https:\/\/foerderverein-burg-lindenfels.de\/index.php?rest_route=\/wp\/v2\/pages"}],"about":[{"href":"https:\/\/foerderverein-burg-lindenfels.de\/index.php?rest_route=\/wp\/v2\/types\/page"}],"author":[{"embeddable":true,"href":"https:\/\/foerderverein-burg-lindenfels.de\/index.php?rest_route=\/wp\/v2\/users\/3"}],"replies":[{"embeddable":true,"href":"https:\/\/foerderverein-burg-lindenfels.de\/index.php?rest_route=%2Fwp%2Fv2%2Fcomments&post=117"}],"version-history":[{"count":13,"href":"https:\/\/foerderverein-burg-lindenfels.de\/index.php?rest_route=\/wp\/v2\/pages\/117\/revisions"}],"predecessor-version":[{"id":213,"href":"https:\/\/foerderverein-burg-lindenfels.de\/index.php?rest_route=\/wp\/v2\/pages\/117\/revisions\/213"}],"wp:attachment":[{"href":"https:\/\/foerderverein-burg-lindenfels.de\/index.php?rest_route=%2Fwp%2Fv2%2Fmedia&parent=117"}],"curies":[{"name":"wp","href":"https:\/\/api.w.org\/{rel}","templated":true}]}}